{"id":937,"date":"2015-11-04T15:41:52","date_gmt":"2015-11-04T14:41:52","guid":{"rendered":"http:\/\/kammermusik-im-bibliothekssaal.de\/?page_id=937"},"modified":"2015-11-19T22:05:44","modified_gmt":"2015-11-19T21:05:44","slug":"29-maerz-2009-vuillaume-cello-ensemble","status":"publish","type":"page","link":"https:\/\/kammermusik-im-bibliothekssaal.de\/?page_id=937","title":{"rendered":"29. M\u00e4rz 2009: Vuillaume\u2013Cello\u2013Ensemble"},"content":{"rendered":"<p class=\"paragraph_style_6\" style=\"padding-left: 60px;\"><span class=\"style_2\">Johann Sebastian Bach<\/span><span class=\"style_3\">: Pr\u00e9lude D-Dur f\u00fcr Violoncello solo aus BWV 1012<br \/>\n<\/span><\/p>\n<p class=\"paragraph_style_6\" style=\"padding-left: 60px;\"><span class=\"style_2\">Antonio Vivaldi<\/span><span class=\"style_3\">: <\/span><span class=\"style_3\">Concerto g-moll RV 531, P 411 f\u00fcr zwei Violoncelli und Orchester <\/span><span class=\"style_4\">(f\u00fcr f\u00fcnf Violoncelli bearbeitet von W. Brachtel)<\/span><span class=\"style_3\"><br \/>\n<\/span><\/p>\n<p class=\"paragraph_style_6\" style=\"padding-left: 60px;\"><span class=\"style_2\">Johann Sebastian Bach<\/span><span class=\"style_3\">: Pr\u00e9lude C-Dur f\u00fcr Violoncello solo aus BWV 1009<br \/>\n<\/span><\/p>\n<p class=\"paragraph_style_6\" style=\"padding-left: 60px;\"><span class=\"style_2\">Em\u00e1nuel Mo\u00f3r<\/span><span class=\"style_3\">: Suite f\u00fcr vier Violoncelli op. 95<br \/>\n<\/span><\/p>\n<p class=\"paragraph_style_6\" style=\"padding-left: 60px;\"><span class=\"style_3\">Louis Caix d\u2019Hervelois<\/span><span class=\"style_3\">: Suite d-moll f\u00fcr drei Violoncelli<br \/>\n<\/span><\/p>\n<p class=\"paragraph_style_6\" style=\"padding-left: 60px;\"><span class=\"style_2\">Graham Waterhouse<\/span><span class=\"style_3\">: Count-down (2007) f\u00fcr Celloquartett<br \/>\n<\/span><\/p>\n<p class=\"paragraph_style_6\" style=\"padding-left: 60px;\"><span class=\"style_2\">Franz Lachner<\/span><span class=\"style_3\">: Elegie fis-moll f\u00fcr f\u00fcnf Violoncelli op. 160<\/span><span class=\"style_7\"><img loading=\"lazy\" decoding=\"async\" class=\"alignright wp-image-943 size-large\" src=\"https:\/\/kammermusik-im-bibliothekssaal.de\/wp-content\/uploads\/2015\/11\/Vuillaume_Ensemble_2008-1024x683.jpg\" alt=\"Vuillaume_Ensemble_2008\" width=\"700\" height=\"467\" srcset=\"https:\/\/kammermusik-im-bibliothekssaal.de\/wp-content\/uploads\/2015\/11\/Vuillaume_Ensemble_2008-1024x683.jpg 1024w, https:\/\/kammermusik-im-bibliothekssaal.de\/wp-content\/uploads\/2015\/11\/Vuillaume_Ensemble_2008-300x200.jpg 300w\" sizes=\"(max-width: 700px) 100vw, 700px\" \/><\/span><\/p>\n<hr \/>\n<div id=\"id4\" class=\"style_SkipStroke_1 shape-with-text\">\n<div class=\"text-content style_External_394_141\">\n<div class=\"style\">\n<p class=\"paragraph_style_8\" style=\"padding-left: 60px;\"><span class=\"style_7\">Vuillaume-Cello-Ensemble<br \/>\n<\/span><\/p>\n<p class=\"paragraph_style_9\" style=\"padding-left: 60px;\"><span class=\"style_7\">Edgar Borsich \/\/ Walter Brachtel \/\/ Wolfram Dierig \/\/ Franz Lichtenstern \/\/ Graham Waterhouse<\/span><\/p>\n<hr \/>\n<\/div>\n<p class=\"paragraph_style_9\" style=\"padding-left: 60px;\"><span class=\"style_7\"><a href=\"https:\/\/kammermusik-im-bibliothekssaal.de\/wp-content\/uploads\/2015\/11\/Programm_29.03.09.pdf\" target=\"_blank\">Programmheft<\/a><\/span><\/p>\n<p class=\"paragraph_style_9\" style=\"padding-left: 60px;\"><span class=\"style_7\"><a href=\"https:\/\/kammermusik-im-bibliothekssaal.de\/wp-content\/uploads\/2015\/11\/LT_02.04.09.pdf\" target=\"_blank\">Kritik aus dem <em>Landsberger Tagblatt<\/em><\/a><\/span><\/p>\n<\/div>\n<\/div>\n","protected":false},"excerpt":{"rendered":"<p>Johann Sebastian Bach: Pr\u00e9lude D-Dur f\u00fcr Violoncello solo aus BWV 1012 Antonio Vivaldi: Concerto g-moll RV 531, P 411 f\u00fcr zwei Violoncelli und Orchester (f\u00fcr f\u00fcnf Violoncelli bearbeitet von W. Brachtel) Johann Sebastian Bach: Pr\u00e9lude C-Dur f\u00fcr Violoncello solo aus<\/p>\n","protected":false},"author":1,"featured_media":231,"parent":227,"menu_order":1,"comment_status":"closed","ping_status":"closed","template":"","meta":{"footnotes":""},"class_list":["post-937","page","type-page","status-publish","has-post-thumbnail","hentry"],"_links":{"self":[{"href":"https:\/\/kammermusik-im-bibliothekssaal.de\/index.php?rest_route=\/wp\/v2\/pages\/937"}],"collection":[{"href":"https:\/\/kammermusik-im-bibliothekssaal.de\/index.php?rest_route=\/wp\/v2\/pages"}],"about":[{"href":"https:\/\/kammermusik-im-bibliothekssaal.de\/index.php?rest_route=\/wp\/v2\/types\/page"}],"author":[{"embeddable":true,"href":"https:\/\/kammermusik-im-bibliothekssaal.de\/index.php?rest_route=\/wp\/v2\/users\/1"}],"replies":[{"embeddable":true,"href":"https:\/\/kammermusik-im-bibliothekssaal.de\/index.php?rest_route=%2Fwp%2Fv2%2Fcomments&post=937"}],"version-history":[{"count":6,"href":"https:\/\/kammermusik-im-bibliothekssaal.de\/index.php?rest_route=\/wp\/v2\/pages\/937\/revisions"}],"predecessor-version":[{"id":1012,"href":"https:\/\/kammermusik-im-bibliothekssaal.de\/index.php?rest_route=\/wp\/v2\/pages\/937\/revisions\/1012"}],"up":[{"embeddable":true,"href":"https:\/\/kammermusik-im-bibliothekssaal.de\/index.php?rest_route=\/wp\/v2\/pages\/227"}],"wp:featuredmedia":[{"embeddable":true,"href":"https:\/\/kammermusik-im-bibliothekssaal.de\/index.php?rest_route=\/wp\/v2\/media\/231"}],"wp:attachment":[{"href":"https:\/\/kammermusik-im-bibliothekssaal.de\/index.php?rest_route=%2Fwp%2Fv2%2Fmedia&parent=937"}],"curies":[{"name":"wp","href":"https:\/\/api.w.org\/{rel}","templated":true}]}}