{"id":924,"date":"2015-11-04T15:26:27","date_gmt":"2015-11-04T14:26:27","guid":{"rendered":"http:\/\/kammermusik-im-bibliothekssaal.de\/?page_id=924"},"modified":"2015-11-06T20:17:41","modified_gmt":"2015-11-06T19:17:41","slug":"17-mai-2009-violoncello-klavier","status":"publish","type":"page","link":"https:\/\/kammermusik-im-bibliothekssaal.de\/?page_id=924","title":{"rendered":"17. Mai 2009: Violoncello + Klavier"},"content":{"rendered":"<p class=\"paragraph_style_1\" style=\"padding-left: 120px;\"><span class=\"style_3\">Franz Schubert<\/span><span class=\"style_4\">: Sonate a-moll f\u00fcr Arpeggione und Klavier D 821<br \/>\n<\/span><\/p>\n<p class=\"paragraph_style_1\" style=\"padding-left: 120px;\"><span class=\"style_3\">Anton Webern:<\/span><span class=\"style_4\"> Zwei St\u00fccke f\u00fcr Violoncello und Klavier (1899)<br \/>\n<\/span><\/p>\n<p class=\"paragraph_style_1\" style=\"padding-left: 120px;\"><span class=\"style_3\">Alfred Schnittke<\/span><span class=\"style_4\">: Sonate f\u00fcr Violoncello und Klavier<br \/>\n<\/span><\/p>\n<p class=\"paragraph_style_1\" style=\"padding-left: 120px;\"><span class=\"style_3\">Ludwig van Beethoven<\/span><span class=\"style_4\">: Sonate C-Dur f\u00fcr Klavier und <\/span><span class=\"style_4\">Violoncello op. 102 Nr. 1<br \/>\n<\/span><\/p>\n<p class=\"paragraph_style_1\" style=\"padding-left: 120px;\"><span class=\"style_3\">Anton Webern<\/span><span class=\"style_4\">: Drei kleine St\u00fccke f\u00fcr Violoncell und Klavier op. 11<br \/>\n<\/span><\/p>\n<p class=\"paragraph_style_1\" style=\"padding-left: 120px;\"><span class=\"style_3\">Claude Debussy<\/span><span class=\"style_4\">: Sonate f\u00fcr Violoncello und Klavier<\/span><\/p>\n<p><span class=\"style_3\"><img loading=\"lazy\" decoding=\"async\" class=\"alignright wp-image-933 size-medium\" src=\"https:\/\/kammermusik-im-bibliothekssaal.de\/wp-content\/uploads\/2015\/11\/BronnerLichtenstern-211x300.jpg\" alt=\"BronnerLichtenstern\" width=\"211\" height=\"300\" srcset=\"https:\/\/kammermusik-im-bibliothekssaal.de\/wp-content\/uploads\/2015\/11\/BronnerLichtenstern-211x300.jpg 211w, https:\/\/kammermusik-im-bibliothekssaal.de\/wp-content\/uploads\/2015\/11\/BronnerLichtenstern-719x1024.jpg 719w, https:\/\/kammermusik-im-bibliothekssaal.de\/wp-content\/uploads\/2015\/11\/BronnerLichtenstern.jpg 1535w\" sizes=\"(max-width: 211px) 100vw, 211px\" \/><\/span><\/p>\n<hr \/>\n<div id=\"id2\" class=\"style_SkipStroke shape-with-text\">\n<div class=\"text-content style_External_301_58\">\n<div class=\"style\">\n<p class=\"paragraph_style_2\" style=\"padding-left: 120px;\"><span class=\"style_5\">Franz Lichtenstern, Violoncello \/\/ Felix Bronner, Klavier<\/span><\/p>\n<hr \/>\n<p style=\"padding-left: 120px;\"><a href=\"https:\/\/kammermusik-im-bibliothekssaal.de\/wp-content\/uploads\/2015\/11\/Programm_17.05.09.pdf\" target=\"_blank\">Programmheft<\/a><\/p>\n<p style=\"padding-left: 120px;\"><a href=\"https:\/\/kammermusik-im-bibliothekssaal.de\/wp-content\/uploads\/2015\/11\/LT_22.05.09.pdf\" target=\"_blank\">Kritik aus dem <em>Landsberger Tagblatt<\/em><\/a><\/p>\n<\/div>\n<\/div>\n<\/div>\n","protected":false},"excerpt":{"rendered":"<p>Franz Schubert: Sonate a-moll f\u00fcr Arpeggione und Klavier D 821 Anton Webern: Zwei St\u00fccke f\u00fcr Violoncello und Klavier (1899) Alfred Schnittke: Sonate f\u00fcr Violoncello und Klavier Ludwig van Beethoven: Sonate C-Dur f\u00fcr Klavier und Violoncello op. 102 Nr. 1 Anton<\/p>\n","protected":false},"author":1,"featured_media":230,"parent":227,"menu_order":2,"comment_status":"closed","ping_status":"closed","template":"","meta":{"footnotes":""},"class_list":["post-924","page","type-page","status-publish","has-post-thumbnail","hentry"],"_links":{"self":[{"href":"https:\/\/kammermusik-im-bibliothekssaal.de\/index.php?rest_route=\/wp\/v2\/pages\/924"}],"collection":[{"href":"https:\/\/kammermusik-im-bibliothekssaal.de\/index.php?rest_route=\/wp\/v2\/pages"}],"about":[{"href":"https:\/\/kammermusik-im-bibliothekssaal.de\/index.php?rest_route=\/wp\/v2\/types\/page"}],"author":[{"embeddable":true,"href":"https:\/\/kammermusik-im-bibliothekssaal.de\/index.php?rest_route=\/wp\/v2\/users\/1"}],"replies":[{"embeddable":true,"href":"https:\/\/kammermusik-im-bibliothekssaal.de\/index.php?rest_route=%2Fwp%2Fv2%2Fcomments&post=924"}],"version-history":[{"count":8,"href":"https:\/\/kammermusik-im-bibliothekssaal.de\/index.php?rest_route=\/wp\/v2\/pages\/924\/revisions"}],"predecessor-version":[{"id":969,"href":"https:\/\/kammermusik-im-bibliothekssaal.de\/index.php?rest_route=\/wp\/v2\/pages\/924\/revisions\/969"}],"up":[{"embeddable":true,"href":"https:\/\/kammermusik-im-bibliothekssaal.de\/index.php?rest_route=\/wp\/v2\/pages\/227"}],"wp:featuredmedia":[{"embeddable":true,"href":"https:\/\/kammermusik-im-bibliothekssaal.de\/index.php?rest_route=\/wp\/v2\/media\/230"}],"wp:attachment":[{"href":"https:\/\/kammermusik-im-bibliothekssaal.de\/index.php?rest_route=%2Fwp%2Fv2%2Fmedia&parent=924"}],"curies":[{"name":"wp","href":"https:\/\/api.w.org\/{rel}","templated":true}]}}