{"id":668,"date":"2015-10-31T01:59:32","date_gmt":"2015-10-30T23:59:32","guid":{"rendered":"http:\/\/kammermusik-im-bibliothekssaal.de\/?page_id=668"},"modified":"2015-11-01T22:30:21","modified_gmt":"2015-11-01T21:30:21","slug":"25-maerz-2012-pastorale-schubert-iv","status":"publish","type":"page","link":"https:\/\/kammermusik-im-bibliothekssaal.de\/?page_id=668","title":{"rendered":"25. M\u00e4rz 2012: Pastorale \u2013 Schubert IV"},"content":{"rendered":"<p style=\"padding-left: 120px;\">Rezs\u00f6 K\u00f3kai: Quartettino f\u00fcr Klarinette, Violine, Viola und Violoncello<\/p>\n<p style=\"padding-left: 120px;\">Sigismund Neukomm: Quintetto dramatique <em>Une f\u00eate de Village en Suisse<\/em><\/p>\n<p style=\"padding-left: 120px;\">Franz Schubert: <em>Der Hirt auf dem Felsen<\/em> D 965 f\u00fcr Sopran, Klarinette und Klavier<\/p>\n<p style=\"padding-left: 120px;\">Camille Saint-Sa\u00ebns: Klavierquartett B-Dur op. 41<\/p>\n<hr style=\"padding-left: 120px;\" \/>\n<div id=\"id1\" class=\"style_SkipStroke shape-with-text\">\n<div class=\"text-content style_External_468_126\">\n<div class=\"style\">\n<p class=\"paragraph_style\" style=\"padding-left: 120px;\">Elaine Ortiz-Arandes, Sopran \/\/\u00a0Anke Schwabe, Klavier \/\/\u00a0Katja L\u00e4mmermann, Susanne Sonnemann, Violine \/\/\u00a0Dorothea Galler, Beate Metzger, Viola \/\/\u00a0Franz Lichtenstern, Violoncello \/\/\u00a0Michael Meinel, Klarinette<\/p>\n<hr \/>\n<p class=\"paragraph_style\" style=\"padding-left: 120px;\"><a href=\"https:\/\/kammermusik-im-bibliothekssaal.de\/wp-content\/uploads\/2015\/10\/Programm_25.03.pdf\" target=\"_blank\">Programmheft<\/a><\/p>\n<p class=\"paragraph_style\" style=\"padding-left: 120px;\"><a href=\"https:\/\/kammermusik-im-bibliothekssaal.de\/wp-content\/uploads\/2015\/10\/LT_29.03.12.pdf\" target=\"_blank\">Kritik aus dem <em>Landsberger Tagblatt<\/em><\/a><\/p>\n<\/div>\n<\/div>\n<\/div>\n","protected":false},"excerpt":{"rendered":"<p>Rezs\u00f6 K\u00f3kai: Quartettino f\u00fcr Klarinette, Violine, Viola und Violoncello Sigismund Neukomm: Quintetto dramatique Une f\u00eate de Village en Suisse Franz Schubert: Der Hirt auf dem Felsen D 965 f\u00fcr Sopran, Klarinette und Klavier Camille Saint-Sa\u00ebns: Klavierquartett B-Dur op. 41 Elaine<\/p>\n","protected":false},"author":1,"featured_media":201,"parent":197,"menu_order":2,"comment_status":"closed","ping_status":"closed","template":"","meta":{"footnotes":""},"class_list":["post-668","page","type-page","status-publish","has-post-thumbnail","hentry"],"_links":{"self":[{"href":"https:\/\/kammermusik-im-bibliothekssaal.de\/index.php?rest_route=\/wp\/v2\/pages\/668"}],"collection":[{"href":"https:\/\/kammermusik-im-bibliothekssaal.de\/index.php?rest_route=\/wp\/v2\/pages"}],"about":[{"href":"https:\/\/kammermusik-im-bibliothekssaal.de\/index.php?rest_route=\/wp\/v2\/types\/page"}],"author":[{"embeddable":true,"href":"https:\/\/kammermusik-im-bibliothekssaal.de\/index.php?rest_route=\/wp\/v2\/users\/1"}],"replies":[{"embeddable":true,"href":"https:\/\/kammermusik-im-bibliothekssaal.de\/index.php?rest_route=%2Fwp%2Fv2%2Fcomments&post=668"}],"version-history":[{"count":2,"href":"https:\/\/kammermusik-im-bibliothekssaal.de\/index.php?rest_route=\/wp\/v2\/pages\/668\/revisions"}],"predecessor-version":[{"id":740,"href":"https:\/\/kammermusik-im-bibliothekssaal.de\/index.php?rest_route=\/wp\/v2\/pages\/668\/revisions\/740"}],"up":[{"embeddable":true,"href":"https:\/\/kammermusik-im-bibliothekssaal.de\/index.php?rest_route=\/wp\/v2\/pages\/197"}],"wp:featuredmedia":[{"embeddable":true,"href":"https:\/\/kammermusik-im-bibliothekssaal.de\/index.php?rest_route=\/wp\/v2\/media\/201"}],"wp:attachment":[{"href":"https:\/\/kammermusik-im-bibliothekssaal.de\/index.php?rest_route=%2Fwp%2Fv2%2Fmedia&parent=668"}],"curies":[{"name":"wp","href":"https:\/\/api.w.org\/{rel}","templated":true}]}}