{"id":2534,"date":"2022-10-15T22:31:12","date_gmt":"2022-10-15T20:31:12","guid":{"rendered":"http:\/\/kammermusik-im-bibliothekssaal.de\/?page_id=2534"},"modified":"2022-10-15T22:33:12","modified_gmt":"2022-10-15T20:33:12","slug":"9-april-2022-konzert-iv","status":"publish","type":"page","link":"https:\/\/kammermusik-im-bibliothekssaal.de\/?page_id=2534","title":{"rendered":"9. April 2022: Konzert IV"},"content":{"rendered":"\n<p>Joseph Haydn: Streichquartett C-Dur op. 76\/3, Hob. III:77 <em>Kaiserquartett<\/em><br>Bohuslav Martinu: Quartett f\u00fcr Klarinette, Horn, Violoncello und kleine Trommel<br>Albert Roussel: Trio op. 40 f\u00fcr Fl\u00f6te, Viola und Violoncello<br>Ludwig van Beethoven: Streichquartett Es-Dur op. 74 <em>Harfenquartett<\/em><\/p>\n\n\n\n<p>Kumiko Yamauchi, Daniela Willert \u2013 Violine \/\/ Dorothea Galler \u2013 Viola \/\/ Franz Lichtenstern \u2013 Violoncello \/\/ Rudolf Riesinger \u2013 Fl\u00f6te \/\/ Michael Meinel \u2013 Klarinette \/\/ Dorothea Bender \u2013 Horn \/\/ Matthias Kern \u2013 kleine Trommel<\/p>\n\n\n\n<hr class=\"wp-block-separator has-alpha-channel-opacity\"\/>\n\n\n\n<p><a rel=\"noreferrer noopener\" href=\"https:\/\/kammermusik-im-bibliothekssaal.de\/wp-content\/uploads\/2022\/10\/Programm_09.04.22.pdf\" data-type=\"URL\" data-id=\"https:\/\/kammermusik-im-bibliothekssaal.de\/wp-content\/uploads\/2022\/10\/Programm_09.04.22.pdf\" target=\"_blank\">Programmheft<\/a><br><a rel=\"noreferrer noopener\" href=\"https:\/\/kammermusik-im-bibliothekssaal.de\/wp-content\/uploads\/2022\/10\/Kreisbote_LL_13.04.2022.pdf\" data-type=\"URL\" data-id=\"https:\/\/kammermusik-im-bibliothekssaal.de\/wp-content\/uploads\/2022\/10\/Kreisbote_LL_13.04.2022.pdf\" target=\"_blank\">Kreisbote Landsberg vom 13. April 2022<\/a><\/p>\n","protected":false},"excerpt":{"rendered":"<p>Joseph Haydn: Streichquartett C-Dur op. 76\/3, Hob. III:77 KaiserquartettBohuslav Martinu: Quartett f\u00fcr Klarinette, Horn, Violoncello und kleine TrommelAlbert Roussel: Trio op. 40 f\u00fcr Fl\u00f6te, Viola und VioloncelloLudwig van Beethoven: Streichquartett Es-Dur op. 74 Harfenquartett Kumiko Yamauchi, Daniela Willert \u2013 Violine<\/p>\n","protected":false},"author":1,"featured_media":0,"parent":2481,"menu_order":3,"comment_status":"closed","ping_status":"closed","template":"","meta":{"footnotes":""},"class_list":["post-2534","page","type-page","status-publish","hentry"],"_links":{"self":[{"href":"https:\/\/kammermusik-im-bibliothekssaal.de\/index.php?rest_route=\/wp\/v2\/pages\/2534"}],"collection":[{"href":"https:\/\/kammermusik-im-bibliothekssaal.de\/index.php?rest_route=\/wp\/v2\/pages"}],"about":[{"href":"https:\/\/kammermusik-im-bibliothekssaal.de\/index.php?rest_route=\/wp\/v2\/types\/page"}],"author":[{"embeddable":true,"href":"https:\/\/kammermusik-im-bibliothekssaal.de\/index.php?rest_route=\/wp\/v2\/users\/1"}],"replies":[{"embeddable":true,"href":"https:\/\/kammermusik-im-bibliothekssaal.de\/index.php?rest_route=%2Fwp%2Fv2%2Fcomments&post=2534"}],"version-history":[{"count":2,"href":"https:\/\/kammermusik-im-bibliothekssaal.de\/index.php?rest_route=\/wp\/v2\/pages\/2534\/revisions"}],"predecessor-version":[{"id":2539,"href":"https:\/\/kammermusik-im-bibliothekssaal.de\/index.php?rest_route=\/wp\/v2\/pages\/2534\/revisions\/2539"}],"up":[{"embeddable":true,"href":"https:\/\/kammermusik-im-bibliothekssaal.de\/index.php?rest_route=\/wp\/v2\/pages\/2481"}],"wp:attachment":[{"href":"https:\/\/kammermusik-im-bibliothekssaal.de\/index.php?rest_route=%2Fwp%2Fv2%2Fmedia&parent=2534"}],"curies":[{"name":"wp","href":"https:\/\/api.w.org\/{rel}","templated":true}]}}