{"id":18,"date":"2015-10-15T19:29:54","date_gmt":"2015-10-15T19:29:54","guid":{"rendered":"http:\/\/kammermusik-im-bibliothekssaal.de\/?page_id=18"},"modified":"2024-03-08T00:10:05","modified_gmt":"2024-03-07T23:10:05","slug":"konzerte-201516","status":"publish","type":"page","link":"https:\/\/kammermusik-im-bibliothekssaal.de\/?page_id=18","title":{"rendered":"Konzerte"},"content":{"rendered":"<p><img loading=\"lazy\" decoding=\"async\" class=\"alignnone size-medium wp-image-2626\" src=\"https:\/\/kammermusik-im-bibliothekssaal.de\/wp-content\/uploads\/2023\/12\/Plakat_09.02.24-212x300.jpg\" alt=\"\" width=\"212\" height=\"300\" srcset=\"https:\/\/kammermusik-im-bibliothekssaal.de\/wp-content\/uploads\/2023\/12\/Plakat_09.02.24-212x300.jpg 212w, https:\/\/kammermusik-im-bibliothekssaal.de\/wp-content\/uploads\/2023\/12\/Plakat_09.02.24-724x1024.jpg 724w, https:\/\/kammermusik-im-bibliothekssaal.de\/wp-content\/uploads\/2023\/12\/Plakat_09.02.24-106x150.jpg 106w, https:\/\/kammermusik-im-bibliothekssaal.de\/wp-content\/uploads\/2023\/12\/Plakat_09.02.24.jpg 1000w\" sizes=\"(max-width: 212px) 100vw, 212px\" \/> <img loading=\"lazy\" decoding=\"async\" class=\"alignnone size-medium wp-image-2637\" src=\"https:\/\/kammermusik-im-bibliothekssaal.de\/wp-content\/uploads\/2024\/01\/Plakat_02.03.24-212x300.jpg\" alt=\"\" width=\"212\" height=\"300\" srcset=\"https:\/\/kammermusik-im-bibliothekssaal.de\/wp-content\/uploads\/2024\/01\/Plakat_02.03.24-212x300.jpg 212w, https:\/\/kammermusik-im-bibliothekssaal.de\/wp-content\/uploads\/2024\/01\/Plakat_02.03.24-724x1024.jpg 724w, https:\/\/kammermusik-im-bibliothekssaal.de\/wp-content\/uploads\/2024\/01\/Plakat_02.03.24-106x150.jpg 106w, https:\/\/kammermusik-im-bibliothekssaal.de\/wp-content\/uploads\/2024\/01\/Plakat_02.03.24.jpg 1000w\" sizes=\"(max-width: 212px) 100vw, 212px\" \/><\/p>\n\n\n<hr class=\"wp-block-separator has-alpha-channel-opacity\"\/>\n\n\n\n<p><strong>Freitag 9. Februar 2024, 20 Uhr: Konzert I <\/strong><br><strong>Windspiel<\/strong><br>Alexander Zemlinsky: Humoreske<br>Jean Fran\u00e7aix: Bl\u00e4serquintett Nr. 1<br>Gy\u00f6rgy Ligeti: Sechs Bagatellen<br>J\u00falio Medaglia (*1938): <em>Belle \u00e9poque en sud America<\/em> (2003)<br>Samuel Barber: <em>Summer Music<\/em> op. 31<\/p>\n\n\n\n<p><em>Dandelion Quintett<\/em><br>Natalia Karaszewska \u2013 Fl\u00f6te \/ Miriam Hanika \u2013 Oboe \/ Maximilian Strutynski \u2013 Klarinette \/ Relja Kalapis \u2013 Fagott \/ Dorothea Bender \u2013 Horn<\/p>\n\n\n\n<hr class=\"wp-block-separator has-alpha-channel-opacity\"\/>\n\n\n\n<p><strong>Samstag 2. M\u00e4rz 2024, 18 Uhr: Konzert II<br>Haydn \u2013 Fran\u00e7aix \u2013 Waterhouse \u2013 Mozart<\/strong><br>Joseph Haydn: Streichquartett G-Dur op. 33\/5 Hob. III:41<br>Graham Waterhouse: Concentricities f\u00fcr Klarinette, Violoncello und Klavier<br>Jean Fran\u00e7aix: Trio f\u00fcr Klarinette, Viola und Klavier<br>Wolfgang Amadeus Mozart: Streichquartett d-moll KV 421<\/p>\n\n\n\n<p>Kumiko Yamauchi, Katarzyna Woznica \u2013 Violine \/ Cornelius Mayer \u2013 Viola \/ Simon Eberle, Franz Lichtenstern \u2013 Violoncello \/ Michael Meinel \u2013 Klarinette \/ Aya Meinel \u2013 Klavier<\/p>\n\n\n\n<hr class=\"wp-block-separator has-alpha-channel-opacity\"\/>\n","protected":false},"excerpt":{"rendered":"<p>Keine Konzerte in Planung<\/p>\n","protected":false},"author":1,"featured_media":955,"parent":0,"menu_order":0,"comment_status":"closed","ping_status":"closed","template":"","meta":{"footnotes":""},"class_list":["post-18","page","type-page","status-publish","has-post-thumbnail","hentry"],"_links":{"self":[{"href":"https:\/\/kammermusik-im-bibliothekssaal.de\/index.php?rest_route=\/wp\/v2\/pages\/18"}],"collection":[{"href":"https:\/\/kammermusik-im-bibliothekssaal.de\/index.php?rest_route=\/wp\/v2\/pages"}],"about":[{"href":"https:\/\/kammermusik-im-bibliothekssaal.de\/index.php?rest_route=\/wp\/v2\/types\/page"}],"author":[{"embeddable":true,"href":"https:\/\/kammermusik-im-bibliothekssaal.de\/index.php?rest_route=\/wp\/v2\/users\/1"}],"replies":[{"embeddable":true,"href":"https:\/\/kammermusik-im-bibliothekssaal.de\/index.php?rest_route=%2Fwp%2Fv2%2Fcomments&post=18"}],"version-history":[{"count":211,"href":"https:\/\/kammermusik-im-bibliothekssaal.de\/index.php?rest_route=\/wp\/v2\/pages\/18\/revisions"}],"predecessor-version":[{"id":2655,"href":"https:\/\/kammermusik-im-bibliothekssaal.de\/index.php?rest_route=\/wp\/v2\/pages\/18\/revisions\/2655"}],"wp:featuredmedia":[{"embeddable":true,"href":"https:\/\/kammermusik-im-bibliothekssaal.de\/index.php?rest_route=\/wp\/v2\/media\/955"}],"wp:attachment":[{"href":"https:\/\/kammermusik-im-bibliothekssaal.de\/index.php?rest_route=%2Fwp%2Fv2%2Fmedia&parent=18"}],"curies":[{"name":"wp","href":"https:\/\/api.w.org\/{rel}","templated":true}]}}