{"id":175,"date":"2015-10-21T23:01:54","date_gmt":"2015-10-21T21:01:54","guid":{"rendered":"http:\/\/kammermusik-im-bibliothekssaal.de\/?page_id=175"},"modified":"2020-04-16T23:57:25","modified_gmt":"2020-04-16T21:57:25","slug":"anfahrt","status":"publish","type":"page","link":"https:\/\/kammermusik-im-bibliothekssaal.de\/?page_id=175","title":{"rendered":"Anfahrt"},"content":{"rendered":"<p><strong>Die <span class=\"style_1\">Stadt Landsberg am Lech<\/span> liegt 56 km westlich von M\u00fcnchen und 38 km s\u00fcdlich von Augsburg.<\/strong><\/p>\n<p>Die n\u00e4chste Autobahnausfahrt der A96 ist <em>Landsberg-Ost<\/em>. Von dort erreichen Sie die alte Bibliothek in wenigen Kilometern. <span class=\"style_1\">Parkpl\u00e4tze<\/span> finden Sie an der Stadtmauer in der Malteserstra\u00dfe.<\/p>\n<p>Vom Bahnhof Landsberg verkehren halbst\u00fcndlich Z\u00fcge nach M\u00fcnchen Hbf (mit Umsteigen in Kaufering) und Augsburg Hbf. Den Landsberger Bahnhof erreichen Sie von der Bibliothek in ca. 15 min.<\/p>\n<p>Der Zugang zum Saal ist in der <span class=\"style_1\">Kommerzienrat-Winklhofer-Stra\u00dfe<\/span>. Die alte Bibliothek ist seit Oktober 2015 barrierefrei mit Lift erreichbar.<\/p>\n\n\t\t\t\t<div id=\"wp_mapit_JrCx9eWhPQ\" class=\"wp_mapit_multipin_map\" data-lat=\"48.0503164932448\" data-lng=\"10.8792757987976\" data-zoom=\"15\" data-type=\"before\" data-marker=\"https:\/\/kammermusik-im-bibliothekssaal.de\/wp-content\/plugins\/wp-mapit\/wp_mapit\/images\/map-pin.png\" data-width=\"100\" data-width-type=\"per\" data-height=\"300\" data-height-type=\"px\" data-pins=\"[{&quot;lat&quot;:&quot;48.0506249&quot;,&quot;lng&quot;:&quot;10.8808905&quot;,&quot;marker_image&quot;:&quot;&quot;,&quot;marker_title&quot;:&quot;Alte Bibliothek&quot;,&quot;marker_content&quot;:&quot;&quot;,&quot;marker_url&quot;:&quot;&quot;}]\"><\/div>\n\t\t\t\n","protected":false},"excerpt":{"rendered":"<p>So erreichen Sie Landsberg am Lech und die alte Bibliothek<\/p>\n","protected":false},"author":1,"featured_media":167,"parent":0,"menu_order":0,"comment_status":"closed","ping_status":"closed","template":"","meta":{"footnotes":""},"class_list":["post-175","page","type-page","status-publish","has-post-thumbnail","hentry"],"_links":{"self":[{"href":"https:\/\/kammermusik-im-bibliothekssaal.de\/index.php?rest_route=\/wp\/v2\/pages\/175"}],"collection":[{"href":"https:\/\/kammermusik-im-bibliothekssaal.de\/index.php?rest_route=\/wp\/v2\/pages"}],"about":[{"href":"https:\/\/kammermusik-im-bibliothekssaal.de\/index.php?rest_route=\/wp\/v2\/types\/page"}],"author":[{"embeddable":true,"href":"https:\/\/kammermusik-im-bibliothekssaal.de\/index.php?rest_route=\/wp\/v2\/users\/1"}],"replies":[{"embeddable":true,"href":"https:\/\/kammermusik-im-bibliothekssaal.de\/index.php?rest_route=%2Fwp%2Fv2%2Fcomments&post=175"}],"version-history":[{"count":11,"href":"https:\/\/kammermusik-im-bibliothekssaal.de\/index.php?rest_route=\/wp\/v2\/pages\/175\/revisions"}],"predecessor-version":[{"id":1830,"href":"https:\/\/kammermusik-im-bibliothekssaal.de\/index.php?rest_route=\/wp\/v2\/pages\/175\/revisions\/1830"}],"wp:featuredmedia":[{"embeddable":true,"href":"https:\/\/kammermusik-im-bibliothekssaal.de\/index.php?rest_route=\/wp\/v2\/media\/167"}],"wp:attachment":[{"href":"https:\/\/kammermusik-im-bibliothekssaal.de\/index.php?rest_route=%2Fwp%2Fv2%2Fmedia&parent=175"}],"curies":[{"name":"wp","href":"https:\/\/api.w.org\/{rel}","templated":true}]}}